{"id":45,"date":"2024-04-02T11:09:21","date_gmt":"2024-04-02T08:09:21","guid":{"rendered":"https:\/\/imsgroup-eu.com\/?page_id=45"},"modified":"2025-09-16T13:41:23","modified_gmt":"2025-09-16T10:41:23","slug":"karjera","status":"publish","type":"page","link":"https:\/\/imsgroup-eu.com\/en\/karjera\/","title":{"rendered":"Career"},"content":{"rendered":"<div data-elementor-type=\"wp-page\" data-elementor-id=\"45\" class=\"elementor elementor-45\" data-elementor-post-type=\"page\">\n\t\t\t\t<div class=\"elementor-element elementor-element-d432bf9 e-flex e-con-boxed e-con e-parent\" data-id=\"d432bf9\" data-element_type=\"container\" data-settings=\"{&quot;background_background&quot;:&quot;classic&quot;}\">\n\t\t\t\t\t<div class=\"e-con-inner\">\n\t\t\t\t<div class=\"elementor-element elementor-element-af8409d elementor-widget__width-inherit elementor-widget elementor-widget-heading\" data-id=\"af8409d\" data-element_type=\"widget\" data-widget_type=\"heading.default\">\n\t\t\t\t<div class=\"elementor-widget-container\">\n\t\t\t\t\t<h1 class=\"elementor-heading-title elementor-size-default\">Career<\/h1>\t\t\t\t<\/div>\n\t\t\t\t<\/div>\n\t\t\t\t\t<\/div>\n\t\t\t\t<\/div>\n\t\t<div class=\"elementor-element elementor-element-142f69d e-flex e-con-boxed e-con e-parent\" data-id=\"142f69d\" data-element_type=\"container\">\n\t\t\t\t\t<div class=\"e-con-inner\">\n\t\t<div class=\"elementor-element elementor-element-06e8fa8 e-con-full e-flex e-con e-child\" data-id=\"06e8fa8\" data-element_type=\"container\">\n\t\t\t\t<div class=\"elementor-element elementor-element-ff9c67d elementor-widget-divider--view-line_text elementor-widget-divider--element-align-left elementor-widget elementor-widget-divider\" data-id=\"ff9c67d\" data-element_type=\"widget\" data-widget_type=\"divider.default\">\n\t\t\t\t<div class=\"elementor-widget-container\">\n\t\t\t\t\t\t\t<div class=\"elementor-divider\">\n\t\t\t<span class=\"elementor-divider-separator\">\n\t\t\t\t\t\t\t<span class=\"elementor-divider__text elementor-divider__element\">\n\t\t\t\tJoin us!\t\t\t\t<\/span>\n\t\t\t\t\t\t<\/span>\n\t\t<\/div>\n\t\t\t\t\t\t<\/div>\n\t\t\t\t<\/div>\n\t\t\t\t<div class=\"elementor-element elementor-element-42e4157 elementor-widget elementor-widget-text-editor\" data-id=\"42e4157\" data-element_type=\"widget\" data-widget_type=\"text-editor.default\">\n\t\t\t\t<div class=\"elementor-widget-container\">\n\t\t\t\t\t\t\t\t\t<p>If you are interested in any of the available positions, please complete the application form and attach your CV.<\/p>\t\t\t\t\t\t\t\t<\/div>\n\t\t\t\t<\/div>\n\t\t\t\t<\/div>\n\t\t<div class=\"elementor-element elementor-element-cf1ce6a e-con-full e-flex e-con e-child\" data-id=\"cf1ce6a\" data-element_type=\"container\">\n\t\t\t\t<div class=\"elementor-element elementor-element-db1ee33 elementor-button-align-stretch elementor-widget elementor-widget-form\" data-id=\"db1ee33\" data-element_type=\"widget\" data-settings=\"{&quot;step_next_label&quot;:&quot;Next&quot;,&quot;step_previous_label&quot;:&quot;Previous&quot;,&quot;button_width&quot;:&quot;100&quot;,&quot;step_type&quot;:&quot;number_text&quot;,&quot;step_icon_shape&quot;:&quot;circle&quot;}\" data-widget_type=\"form.default\">\n\t\t\t\t<div class=\"elementor-widget-container\">\n\t\t\t\t\t\t\t<form class=\"elementor-form\" method=\"post\" name=\"Kontakt\u0173 forma\" action=\"\">\n\t\t\t<input type=\"hidden\" name=\"post_id\" value=\"45\"\/>\n\t\t\t<input type=\"hidden\" name=\"form_id\" value=\"db1ee33\"\/>\n\t\t\t<input type=\"hidden\" name=\"referer_title\" value=\"imsgroup-eu.com\" \/>\n\n\t\t\t\n\t\t\t<div class=\"elementor-form-fields-wrapper elementor-labels-above\">\n\t\t\t\t\t\t\t\t<div class=\"elementor-field-type-text elementor-field-group elementor-column elementor-field-group-name elementor-col-100\">\n\t\t\t\t\t\t\t\t\t\t\t\t<label for=\"form-field-name\" class=\"elementor-field-label\">\n\t\t\t\t\t\t\t\tName, surname\t\t\t\t\t\t\t<\/label>\n\t\t\t\t\t\t\t\t\t\t\t\t\t\t<input size=\"1\" type=\"text\" name=\"form_fields[name]\" id=\"form-field-name\" class=\"elementor-field elementor-size-sm  elementor-field-textual\">\n\t\t\t\t\t\t\t\t\t\t\t<\/div>\n\t\t\t\t\t\t\t\t<div class=\"elementor-field-type-email elementor-field-group elementor-column elementor-field-group-email elementor-col-50 elementor-field-required elementor-mark-required\">\n\t\t\t\t\t\t\t\t\t\t\t\t<label for=\"form-field-email\" class=\"elementor-field-label\">\n\t\t\t\t\t\t\t\tEmail\t\t\t\t\t\t\t<\/label>\n\t\t\t\t\t\t\t\t\t\t\t\t\t\t<input size=\"1\" type=\"email\" name=\"form_fields[email]\" id=\"form-field-email\" class=\"elementor-field elementor-size-sm  elementor-field-textual\" required=\"required\">\n\t\t\t\t\t\t\t\t\t\t\t<\/div>\n\t\t\t\t\t\t\t\t<div class=\"elementor-field-type-tel elementor-field-group elementor-column elementor-field-group-message elementor-col-50 elementor-field-required elementor-mark-required\">\n\t\t\t\t\t\t\t\t\t\t\t\t<label for=\"form-field-message\" class=\"elementor-field-label\">\n\t\t\t\t\t\t\t\tPhone\t\t\t\t\t\t\t<\/label>\n\t\t\t\t\t\t\t\t<input size=\"1\" type=\"tel\" name=\"form_fields[message]\" id=\"form-field-message\" class=\"elementor-field elementor-size-sm  elementor-field-textual\" required=\"required\" pattern=\"[0-9()#&amp;+*-=.]+\" title=\"Only numbers and phone characters (#, -, *, etc) are accepted.\">\n\n\t\t\t\t\t\t<\/div>\n\t\t\t\t\t\t\t\t<div class=\"elementor-field-type-textarea elementor-field-group elementor-column elementor-field-group-field_b01c0bb elementor-col-100\">\n\t\t\t\t\t\t\t\t\t\t\t\t<label for=\"form-field-field_b01c0bb\" class=\"elementor-field-label\">\n\t\t\t\t\t\t\t\tMessage\t\t\t\t\t\t\t<\/label>\n\t\t\t\t\t\t<textarea class=\"elementor-field-textual elementor-field  elementor-size-sm\" name=\"form_fields[field_b01c0bb]\" id=\"form-field-field_b01c0bb\" rows=\"4\"><\/textarea>\t\t\t\t<\/div>\n\t\t\t\t\t\t\t\t<div class=\"elementor-field-type-upload elementor-field-group elementor-column elementor-field-group-field_69038dc elementor-col-100\">\n\t\t\t\t\t\t\t\t\t\t\t\t<label for=\"form-field-field_69038dc\" class=\"elementor-field-label\">\n\t\t\t\t\t\t\t\tPrid\u0117kite CV (maks. 2mb) galimi failai: txt, docx, jpg\t\t\t\t\t\t\t<\/label>\n\t\t\t\t\t\t\t\t<input type=\"file\" name=\"form_fields[field_69038dc]\" id=\"form-field-field_69038dc\" class=\"elementor-field elementor-size-sm  elementor-upload-field\" data-maxsize=\"2\" data-maxsize-message=\"This file exceeds the maximum allowed size.\">\n\n\t\t\t\t\t\t<\/div>\n\t\t\t\t\t\t\t\t<div class=\"elementor-field-type-recaptcha_v3 elementor-field-group elementor-column elementor-field-group-field_1c5ddc7 elementor-col-100 recaptcha_v3-bottomright\">\n\t\t\t\t\t<div class=\"elementor-field\" id=\"form-field-field_1c5ddc7\"><div class=\"elementor-g-recaptcha\" data-sitekey=\"6LdwHtUqAAAAAPaoQcuT70ZzJQOBD8nwqu_slj2U\" data-type=\"v3\" data-action=\"Form\" data-badge=\"bottomright\" data-size=\"invisible\"><\/div><\/div>\t\t\t\t<\/div>\n\t\t\t\t\t\t\t\t<div class=\"elementor-field-group elementor-column elementor-field-type-submit elementor-col-100 e-form__buttons\">\n\t\t\t\t\t<button class=\"elementor-button elementor-size-sm\" type=\"submit\">\n\t\t\t\t\t\t<span class=\"elementor-button-content-wrapper\">\n\t\t\t\t\t\t\t\t\t\t\t\t\t\t\t\t\t\t\t\t\t\t<span class=\"elementor-button-text\">Send<\/span>\n\t\t\t\t\t\t\t\t\t\t\t\t\t<\/span>\n\t\t\t\t\t<\/button>\n\t\t\t\t<\/div>\n\t\t\t<\/div>\n\t\t<input type=\"hidden\" name=\"trp-form-language\" value=\"en\"\/><\/form>\n\t\t\t\t\t\t<\/div>\n\t\t\t\t<\/div>\n\t\t\t\t<\/div>\n\t\t\t\t\t<\/div>\n\t\t\t\t<\/div>\n\t\t<div class=\"elementor-element elementor-element-d95872d e-flex e-con-boxed e-con e-parent\" data-id=\"d95872d\" data-element_type=\"container\">\n\t\t\t\t\t<div class=\"e-con-inner\">\n\t\t\t\t<div class=\"elementor-element elementor-element-75993eb elementor-widget-divider--view-line_text elementor-widget-divider--element-align-left elementor-widget elementor-widget-divider\" data-id=\"75993eb\" data-element_type=\"widget\" data-widget_type=\"divider.default\">\n\t\t\t\t<div class=\"elementor-widget-container\">\n\t\t\t\t\t\t\t<div class=\"elementor-divider\">\n\t\t\t<span class=\"elementor-divider-separator\">\n\t\t\t\t\t\t\t<span class=\"elementor-divider__text elementor-divider__element\">\n\t\t\t\tOpen positions \t\t\t\t<\/span>\n\t\t\t\t\t\t<\/span>\n\t\t<\/div>\n\t\t\t\t\t\t<\/div>\n\t\t\t\t<\/div>\n\t\t<div class=\"elementor-element elementor-element-178f33c e-con-full e-flex e-con e-child\" data-id=\"178f33c\" data-element_type=\"container\">\n\t\t\t\t<div class=\"elementor-element elementor-element-e289cd7 elementor-grid-3 elementor-grid-tablet-2 elementor-grid-mobile-1 elementor-posts--thumbnail-top elementor-card-shadow-yes elementor-posts__hover-gradient elementor-widget elementor-widget-posts\" data-id=\"e289cd7\" data-element_type=\"widget\" data-settings=\"{&quot;pagination_type&quot;:&quot;load_more_infinite_scroll&quot;,&quot;cards_columns&quot;:&quot;3&quot;,&quot;cards_columns_tablet&quot;:&quot;2&quot;,&quot;cards_columns_mobile&quot;:&quot;1&quot;,&quot;cards_row_gap&quot;:{&quot;unit&quot;:&quot;px&quot;,&quot;size&quot;:35,&quot;sizes&quot;:[]},&quot;cards_row_gap_laptop&quot;:{&quot;unit&quot;:&quot;px&quot;,&quot;size&quot;:&quot;&quot;,&quot;sizes&quot;:[]},&quot;cards_row_gap_tablet&quot;:{&quot;unit&quot;:&quot;px&quot;,&quot;size&quot;:&quot;&quot;,&quot;sizes&quot;:[]},&quot;cards_row_gap_mobile&quot;:{&quot;unit&quot;:&quot;px&quot;,&quot;size&quot;:&quot;&quot;,&quot;sizes&quot;:[]},&quot;load_more_spinner&quot;:{&quot;value&quot;:&quot;fas fa-spinner&quot;,&quot;library&quot;:&quot;fa-solid&quot;}}\" data-widget_type=\"posts.cards\">\n\t\t\t\t<div class=\"elementor-widget-container\">\n\t\t\t\t\t\t\t<div class=\"elementor-posts-container elementor-posts elementor-posts--skin-cards elementor-grid\">\n\t\t\t\t<article class=\"elementor-post elementor-grid-item post-1021 post type-post status-publish format-standard has-post-thumbnail hentry category-karjera\">\n\t\t\t<div class=\"elementor-post__card\">\n\t\t\t\t<a class=\"elementor-post__thumbnail__link\" href=\"https:\/\/imsgroup-eu.com\/en\/laivu-ir-technologiniu-vamzdynu-montuotojas\/\" tabindex=\"-1\" ><div class=\"elementor-post__thumbnail\"><img fetchpriority=\"high\" decoding=\"async\" width=\"768\" height=\"430\" src=\"https:\/\/imsgroup-eu.com\/wp-content\/uploads\/2024\/05\/1388-768x430.webp\" class=\"attachment-medium_large size-medium_large wp-image-1103\" alt=\"\" srcset=\"https:\/\/imsgroup-eu.com\/wp-content\/uploads\/2024\/05\/1388-768x430.webp 768w, https:\/\/imsgroup-eu.com\/wp-content\/uploads\/2024\/05\/1388-300x168.webp 300w, https:\/\/imsgroup-eu.com\/wp-content\/uploads\/2024\/05\/1388.webp 1000w\" sizes=\"(max-width: 768px) 100vw, 768px\" \/><\/div><\/a>\n\t\t\t\t<div class=\"elementor-post__text\">\n\t\t\t\t<h3 class=\"elementor-post__title\">\n\t\t\t<a href=\"https:\/\/imsgroup-eu.com\/en\/laivu-ir-technologiniu-vamzdynu-montuotojas\/\" >\n\t\t\t\tShip and Technological Piping Systems Pipefitter\t\t\t<\/a>\n\t\t<\/h3>\n\t\t\t\t<div class=\"elementor-post__excerpt\">\n\t\t\t<p>Location:\nEuropean Union States\nResponsibilities:\n\u2013 Fitting of ship and technological piping\n\u2013 Reading and understanding of drawings and technical documentation<\/p>\n\t\t<\/div>\n\t\t\n\t\t<a class=\"elementor-post__read-more\" href=\"https:\/\/imsgroup-eu.com\/en\/laivu-ir-technologiniu-vamzdynu-montuotojas\/\" aria-label=\"Read more about Laiv\u0173 ir technologini\u0173 vamzdyn\u0173 montuotojas\" tabindex=\"-1\" >\n\t\t\tLearn more \u00bb\t\t<\/a>\n\n\t\t\t\t<\/div>\n\t\t\t\t\t<\/div>\n\t\t<\/article>\n\t\t\t\t<article class=\"elementor-post elementor-grid-item post-1008 post type-post status-publish format-standard has-post-thumbnail hentry category-karjera\">\n\t\t\t<div class=\"elementor-post__card\">\n\t\t\t\t<a class=\"elementor-post__thumbnail__link\" href=\"https:\/\/imsgroup-eu.com\/en\/vamzdynu-suvirintojas\/\" tabindex=\"-1\" ><div class=\"elementor-post__thumbnail\"><img decoding=\"async\" width=\"768\" height=\"432\" src=\"https:\/\/imsgroup-eu.com\/wp-content\/uploads\/2024\/05\/28718-768x432.webp\" class=\"attachment-medium_large size-medium_large wp-image-1104\" alt=\"\" srcset=\"https:\/\/imsgroup-eu.com\/wp-content\/uploads\/2024\/05\/28718-768x432.webp 768w, https:\/\/imsgroup-eu.com\/wp-content\/uploads\/2024\/05\/28718-300x169.webp 300w, https:\/\/imsgroup-eu.com\/wp-content\/uploads\/2024\/05\/28718.webp 1000w\" sizes=\"(max-width: 768px) 100vw, 768px\" \/><\/div><\/a>\n\t\t\t\t<div class=\"elementor-post__text\">\n\t\t\t\t<h3 class=\"elementor-post__title\">\n\t\t\t<a href=\"https:\/\/imsgroup-eu.com\/en\/vamzdynu-suvirintojas\/\" >\n\t\t\t\tPipe Welder\t\t\t<\/a>\n\t\t<\/h3>\n\t\t\t\t<div class=\"elementor-post__excerpt\">\n\t\t\t<p>Job offer:\nPipe Welder (combined welding processes: 141+135\/136 or 141+111)\nLocation:\nEuropean Union \nResponsibilities:<\/p>\n\t\t<\/div>\n\t\t\n\t\t<a class=\"elementor-post__read-more\" href=\"https:\/\/imsgroup-eu.com\/en\/vamzdynu-suvirintojas\/\" aria-label=\"Read more about Vamzdyn\u0173 suvirintojas\" tabindex=\"-1\" >\n\t\t\tLearn more \u00bb\t\t<\/a>\n\n\t\t\t\t<\/div>\n\t\t\t\t\t<\/div>\n\t\t<\/article>\n\t\t\t\t<article class=\"elementor-post elementor-grid-item post-985 post type-post status-publish format-standard has-post-thumbnail hentry category-karjera\">\n\t\t\t<div class=\"elementor-post__card\">\n\t\t\t\t<a class=\"elementor-post__thumbnail__link\" href=\"https:\/\/imsgroup-eu.com\/en\/suvirintojas\/\" tabindex=\"-1\" ><div class=\"elementor-post__thumbnail\"><img decoding=\"async\" width=\"768\" height=\"512\" src=\"https:\/\/imsgroup-eu.com\/wp-content\/uploads\/2024\/04\/519-768x512.webp\" class=\"attachment-medium_large size-medium_large wp-image-647\" alt=\"\" srcset=\"https:\/\/imsgroup-eu.com\/wp-content\/uploads\/2024\/04\/519-768x512.webp 768w, https:\/\/imsgroup-eu.com\/wp-content\/uploads\/2024\/04\/519-300x200.webp 300w, https:\/\/imsgroup-eu.com\/wp-content\/uploads\/2024\/04\/519.webp 1000w\" sizes=\"(max-width: 768px) 100vw, 768px\" \/><\/div><\/a>\n\t\t\t\t<div class=\"elementor-post__text\">\n\t\t\t\t<h3 class=\"elementor-post__title\">\n\t\t\t<a href=\"https:\/\/imsgroup-eu.com\/en\/suvirintojas\/\" >\n\t\t\t\tWelder\t\t\t<\/a>\n\t\t<\/h3>\n\t\t\t\t<div class=\"elementor-post__excerpt\">\n\t\t\t<p>Job offer:\nWelder (welding processes: 135-136)\nLocation:\nFinland\nResponsibilities:\n\u2013 Welding metal structures with a thickness of 20-80 mm, using 135 (MIG\/MAG) and 136 (FCAW) welding processes<\/p>\n\t\t<\/div>\n\t\t\n\t\t<a class=\"elementor-post__read-more\" href=\"https:\/\/imsgroup-eu.com\/en\/suvirintojas\/\" aria-label=\"Read more about Suvirintojas\" tabindex=\"-1\" >\n\t\t\tLearn more \u00bb\t\t<\/a>\n\n\t\t\t\t<\/div>\n\t\t\t\t\t<\/div>\n\t\t<\/article>\n\t\t\t\t<\/div>\n\t\t\t\t\t<span class=\"e-load-more-spinner\">\n\t\t\t\t<svg aria-hidden=\"true\" class=\"e-font-icon-svg e-fas-spinner\" viewbox=\"0 0 512 512\" xmlns=\"http:\/\/www.w3.org\/2000\/svg\"><path d=\"M304 48c0 26.51-21.49 48-48 48s-48-21.49-48-48 21.49-48 48-48 48 21.49 48 48zm-48 368c-26.51 0-48 21.49-48 48s21.49 48 48 48 48-21.49 48-48-21.49-48-48-48zm208-208c-26.51 0-48 21.49-48 48s21.49 48 48 48 48-21.49 48-48-21.49-48-48-48zM96 256c0-26.51-21.49-48-48-48S0 229.49 0 256s21.49 48 48 48 48-21.49 48-48zm12.922 99.078c-26.51 0-48 21.49-48 48s21.49 48 48 48 48-21.49 48-48c0-26.509-21.491-48-48-48zm294.156 0c-26.51 0-48 21.49-48 48s21.49 48 48 48 48-21.49 48-48c0-26.509-21.49-48-48-48zM108.922 60.922c-26.51 0-48 21.49-48 48s21.49 48 48 48 48-21.49 48-48-21.491-48-48-48z\"><\/path><\/svg>\t\t\t<\/span>\n\t\t\n\t\t\t\t\t\t<\/div>\n\t\t\t\t<\/div>\n\t\t\t\t<\/div>\n\t\t\t\t\t<\/div>\n\t\t\t\t<\/div>\n\t\t\t\t<\/div>","protected":false},"excerpt":{"rendered":"<p>Prisijunkite prie m\u016bs\u0173! Jei jus domina viena i\u0161 laisv\u0173 pozicij\u0173, u\u017epildykite parai\u0161k\u0105 ir prid\u0117kite savo gyvenimo apra\u0161ym\u0105. Laisvos pozicijos<\/p>","protected":false},"author":1,"featured_media":0,"parent":0,"menu_order":0,"comment_status":"closed","ping_status":"closed","template":"elementor_header_footer","meta":{"footnotes":""},"yoast_head":"<!-- This site is optimized with the Yoast SEO plugin v24.4 - https:\/\/yoast.com\/wordpress\/plugins\/seo\/ -->\n<title>Karjera - imsgroup-eu.com<\/title>\n<meta name=\"robots\" content=\"index, follow, max-snippet:-1, max-image-preview:large, max-video-preview:-1\" \/>\n<link rel=\"canonical\" href=\"https:\/\/imsgroup-eu.com\/en\/karjera\/\" \/>\n<meta property=\"og:locale\" content=\"en_GB\" \/>\n<meta property=\"og:type\" content=\"article\" \/>\n<meta property=\"og:title\" content=\"Karjera - imsgroup-eu.com\" \/>\n<meta property=\"og:description\" content=\"Prisijunkite prie m\u016bs\u0173! Jei jus domina viena i\u0161 laisv\u0173 pozicij\u0173, u\u017epildykite parai\u0161k\u0105 ir prid\u0117kite savo gyvenimo apra\u0161ym\u0105. Laisvos pozicijos\" \/>\n<meta property=\"og:url\" content=\"https:\/\/imsgroup-eu.com\/en\/karjera\/\" \/>\n<meta property=\"og:site_name\" content=\"imsgroup-eu.com\" \/>\n<meta property=\"article:modified_time\" content=\"2025-09-16T10:41:23+00:00\" \/>\n<meta name=\"twitter:card\" content=\"summary_large_image\" \/>\n<meta name=\"twitter:label1\" content=\"Estimated reading time\" \/>\n\t<meta name=\"twitter:data1\" content=\"3 minutes\" \/>\n<script type=\"application\/ld+json\" class=\"yoast-schema-graph\">{\"@context\":\"https:\/\/schema.org\",\"@graph\":[{\"@type\":\"WebPage\",\"@id\":\"https:\/\/imsgroup-eu.com\/karjera\/\",\"url\":\"https:\/\/imsgroup-eu.com\/karjera\/\",\"name\":\"Karjera - imsgroup-eu.com\",\"isPartOf\":{\"@id\":\"https:\/\/imsgroup-eu.com\/#website\"},\"datePublished\":\"2024-04-02T08:09:21+00:00\",\"dateModified\":\"2025-09-16T10:41:23+00:00\",\"breadcrumb\":{\"@id\":\"https:\/\/imsgroup-eu.com\/karjera\/#breadcrumb\"},\"inLanguage\":\"en-GB\",\"potentialAction\":[{\"@type\":\"ReadAction\",\"target\":[\"https:\/\/imsgroup-eu.com\/karjera\/\"]}]},{\"@type\":\"BreadcrumbList\",\"@id\":\"https:\/\/imsgroup-eu.com\/karjera\/#breadcrumb\",\"itemListElement\":[{\"@type\":\"ListItem\",\"position\":1,\"name\":\"Home\",\"item\":\"https:\/\/imsgroup-eu.com\/\"},{\"@type\":\"ListItem\",\"position\":2,\"name\":\"Karjera\"}]},{\"@type\":\"WebSite\",\"@id\":\"https:\/\/imsgroup-eu.com\/#website\",\"url\":\"https:\/\/imsgroup-eu.com\/\",\"name\":\"imsgroup-eu.com\",\"description\":\"imsgroup-eu.com\",\"publisher\":{\"@id\":\"https:\/\/imsgroup-eu.com\/#organization\"},\"potentialAction\":[{\"@type\":\"SearchAction\",\"target\":{\"@type\":\"EntryPoint\",\"urlTemplate\":\"https:\/\/imsgroup-eu.com\/?s={search_term_string}\"},\"query-input\":{\"@type\":\"PropertyValueSpecification\",\"valueRequired\":true,\"valueName\":\"search_term_string\"}}],\"inLanguage\":\"en-GB\"},{\"@type\":\"Organization\",\"@id\":\"https:\/\/imsgroup-eu.com\/#organization\",\"name\":\"imsgroup-eu.com\",\"url\":\"https:\/\/imsgroup-eu.com\/\",\"logo\":{\"@type\":\"ImageObject\",\"inLanguage\":\"en-GB\",\"@id\":\"https:\/\/imsgroup-eu.com\/#\/schema\/logo\/image\/\",\"url\":\"https:\/\/imsgroup-eu.com\/wp-content\/uploads\/2024\/03\/ims-white-2.svg\",\"contentUrl\":\"https:\/\/imsgroup-eu.com\/wp-content\/uploads\/2024\/03\/ims-white-2.svg\",\"width\":2231,\"height\":1241,\"caption\":\"imsgroup-eu.com\"},\"image\":{\"@id\":\"https:\/\/imsgroup-eu.com\/#\/schema\/logo\/image\/\"}}]}<\/script>\n<!-- \/ Yoast SEO plugin. -->","yoast_head_json":{"title":"Karjera - imsgroup-eu.com","robots":{"index":"index","follow":"follow","max-snippet":"max-snippet:-1","max-image-preview":"max-image-preview:large","max-video-preview":"max-video-preview:-1"},"canonical":"https:\/\/imsgroup-eu.com\/en\/karjera\/","og_locale":"en_GB","og_type":"article","og_title":"Karjera - imsgroup-eu.com","og_description":"Prisijunkite prie m\u016bs\u0173! Jei jus domina viena i\u0161 laisv\u0173 pozicij\u0173, u\u017epildykite parai\u0161k\u0105 ir prid\u0117kite savo gyvenimo apra\u0161ym\u0105. Laisvos pozicijos","og_url":"https:\/\/imsgroup-eu.com\/en\/karjera\/","og_site_name":"imsgroup-eu.com","article_modified_time":"2025-09-16T10:41:23+00:00","twitter_card":"summary_large_image","twitter_misc":{"Estimated reading time":"3 minutes"},"schema":{"@context":"https:\/\/schema.org","@graph":[{"@type":"WebPage","@id":"https:\/\/imsgroup-eu.com\/karjera\/","url":"https:\/\/imsgroup-eu.com\/karjera\/","name":"Karjera - imsgroup-eu.com","isPartOf":{"@id":"https:\/\/imsgroup-eu.com\/#website"},"datePublished":"2024-04-02T08:09:21+00:00","dateModified":"2025-09-16T10:41:23+00:00","breadcrumb":{"@id":"https:\/\/imsgroup-eu.com\/karjera\/#breadcrumb"},"inLanguage":"en-GB","potentialAction":[{"@type":"ReadAction","target":["https:\/\/imsgroup-eu.com\/karjera\/"]}]},{"@type":"BreadcrumbList","@id":"https:\/\/imsgroup-eu.com\/karjera\/#breadcrumb","itemListElement":[{"@type":"ListItem","position":1,"name":"Home","item":"https:\/\/imsgroup-eu.com\/"},{"@type":"ListItem","position":2,"name":"Karjera"}]},{"@type":"WebSite","@id":"https:\/\/imsgroup-eu.com\/#website","url":"https:\/\/imsgroup-eu.com\/","name":"imsgroup-eu.com","description":"imsgroup-eu.com","publisher":{"@id":"https:\/\/imsgroup-eu.com\/#organization"},"potentialAction":[{"@type":"SearchAction","target":{"@type":"EntryPoint","urlTemplate":"https:\/\/imsgroup-eu.com\/?s={search_term_string}"},"query-input":{"@type":"PropertyValueSpecification","valueRequired":true,"valueName":"search_term_string"}}],"inLanguage":"en-GB"},{"@type":"Organization","@id":"https:\/\/imsgroup-eu.com\/#organization","name":"imsgroup-eu.com","url":"https:\/\/imsgroup-eu.com\/","logo":{"@type":"ImageObject","inLanguage":"en-GB","@id":"https:\/\/imsgroup-eu.com\/#\/schema\/logo\/image\/","url":"https:\/\/imsgroup-eu.com\/wp-content\/uploads\/2024\/03\/ims-white-2.svg","contentUrl":"https:\/\/imsgroup-eu.com\/wp-content\/uploads\/2024\/03\/ims-white-2.svg","width":2231,"height":1241,"caption":"imsgroup-eu.com"},"image":{"@id":"https:\/\/imsgroup-eu.com\/#\/schema\/logo\/image\/"}}]}},"_links":{"self":[{"href":"https:\/\/imsgroup-eu.com\/en\/wp-json\/wp\/v2\/pages\/45"}],"collection":[{"href":"https:\/\/imsgroup-eu.com\/en\/wp-json\/wp\/v2\/pages"}],"about":[{"href":"https:\/\/imsgroup-eu.com\/en\/wp-json\/wp\/v2\/types\/page"}],"author":[{"embeddable":true,"href":"https:\/\/imsgroup-eu.com\/en\/wp-json\/wp\/v2\/users\/1"}],"replies":[{"embeddable":true,"href":"https:\/\/imsgroup-eu.com\/en\/wp-json\/wp\/v2\/comments?post=45"}],"version-history":[{"count":3,"href":"https:\/\/imsgroup-eu.com\/en\/wp-json\/wp\/v2\/pages\/45\/revisions"}],"predecessor-version":[{"id":1506,"href":"https:\/\/imsgroup-eu.com\/en\/wp-json\/wp\/v2\/pages\/45\/revisions\/1506"}],"wp:attachment":[{"href":"https:\/\/imsgroup-eu.com\/en\/wp-json\/wp\/v2\/media?parent=45"}],"curies":[{"name":"wp","href":"https:\/\/api.w.org\/{rel}","templated":true}]}}