{"id":47,"date":"2024-04-02T11:09:29","date_gmt":"2024-04-02T08:09:29","guid":{"rendered":"https:\/\/imsgroup-eu.com\/?page_id=47"},"modified":"2024-12-02T13:02:13","modified_gmt":"2024-12-02T11:02:13","slug":"kontaktai","status":"publish","type":"page","link":"https:\/\/imsgroup-eu.com\/en\/kontaktai\/","title":{"rendered":"Contacts"},"content":{"rendered":"<div data-elementor-type=\"wp-page\" data-elementor-id=\"47\" class=\"elementor elementor-47\" data-elementor-post-type=\"page\">\n\t\t\t\t<div class=\"elementor-element elementor-element-e0f350e e-flex e-con-boxed e-con e-parent\" data-id=\"e0f350e\" data-element_type=\"container\" data-settings=\"{&quot;background_background&quot;:&quot;classic&quot;}\">\n\t\t\t\t\t<div class=\"e-con-inner\">\n\t\t\t\t<div class=\"elementor-element elementor-element-69fada5 elementor-widget__width-inherit elementor-widget elementor-widget-heading\" data-id=\"69fada5\" data-element_type=\"widget\" data-widget_type=\"heading.default\">\n\t\t\t\t<div class=\"elementor-widget-container\">\n\t\t\t\t\t<h1 class=\"elementor-heading-title elementor-size-default\">Contacts<\/h1>\t\t\t\t<\/div>\n\t\t\t\t<\/div>\n\t\t\t\t\t<\/div>\n\t\t\t\t<\/div>\n\t\t<div class=\"elementor-element elementor-element-20acee7 e-flex e-con-boxed e-con e-parent\" data-id=\"20acee7\" data-element_type=\"container\">\n\t\t\t\t\t<div class=\"e-con-inner\">\n\t\t<div class=\"elementor-element elementor-element-1390283 e-con-full e-flex e-con e-child\" data-id=\"1390283\" data-element_type=\"container\">\n\t\t\t\t<div class=\"elementor-element elementor-element-298daec elementor-widget-divider--view-line_text elementor-widget-divider--element-align-left elementor-widget elementor-widget-divider\" data-id=\"298daec\" data-element_type=\"widget\" data-widget_type=\"divider.default\">\n\t\t\t\t<div class=\"elementor-widget-container\">\n\t\t\t\t\t\t\t<div class=\"elementor-divider\">\n\t\t\t<span class=\"elementor-divider-separator\">\n\t\t\t\t\t\t\t<span class=\"elementor-divider__text elementor-divider__element\">\n\t\t\t\tGet in touch\t\t\t\t<\/span>\n\t\t\t\t\t\t<\/span>\n\t\t<\/div>\n\t\t\t\t\t\t<\/div>\n\t\t\t\t<\/div>\n\t\t\t\t<div class=\"elementor-element elementor-element-a7a879c elementor-widget elementor-widget-text-editor\" data-id=\"a7a879c\" data-element_type=\"widget\" data-widget_type=\"text-editor.default\">\n\t\t\t\t<div class=\"elementor-widget-container\">\n\t\t\t\t\t\t\t\t\t<p>We maintain ongoing communication with our clients while executing projects.<\/p><p>Should you require a free consultation or have any questions or special requests, simply contact us by filling out this inquiry form.<\/p>\t\t\t\t\t\t\t\t<\/div>\n\t\t\t\t<\/div>\n\t\t\t\t<div class=\"elementor-element elementor-element-5a7b509 elementor-widget elementor-widget-spacer\" data-id=\"5a7b509\" data-element_type=\"widget\" data-widget_type=\"spacer.default\">\n\t\t\t\t<div class=\"elementor-widget-container\">\n\t\t\t\t\t\t\t<div class=\"elementor-spacer\">\n\t\t\t<div class=\"elementor-spacer-inner\"><\/div>\n\t\t<\/div>\n\t\t\t\t\t\t<\/div>\n\t\t\t\t<\/div>\n\t\t\t\t<div class=\"elementor-element elementor-element-ecf845d elementor-icon-list--layout-traditional elementor-list-item-link-full_width elementor-widget elementor-widget-icon-list\" data-id=\"ecf845d\" data-element_type=\"widget\" data-widget_type=\"icon-list.default\">\n\t\t\t\t<div class=\"elementor-widget-container\">\n\t\t\t\t\t\t\t<ul class=\"elementor-icon-list-items\">\n\t\t\t\t\t\t\t<li class=\"elementor-icon-list-item\">\n\t\t\t\t\t\t\t\t\t\t\t<a href=\"https:\/\/www.linkedin.com\/company\/imsgroupeu\/\" target=\"_blank\">\n\n\t\t\t\t\t\t\t\t\t\t\t\t<span class=\"elementor-icon-list-icon\">\n\t\t\t\t\t\t\t<svg aria-hidden=\"true\" class=\"e-font-icon-svg e-fab-linkedin-in\" viewbox=\"0 0 448 512\" xmlns=\"http:\/\/www.w3.org\/2000\/svg\"><path d=\"M100.28 448H7.4V148.9h92.88zM53.79 108.1C24.09 108.1 0 83.5 0 53.8a53.79 53.79 0 0 1 107.58 0c0 29.7-24.1 54.3-53.79 54.3zM447.9 448h-92.68V302.4c0-34.7-.7-79.2-48.29-79.2-48.29 0-55.69 37.7-55.69 76.7V448h-92.78V148.9h89.08v40.8h1.3c12.4-23.5 42.69-48.3 87.88-48.3 94 0 111.28 61.9 111.28 142.3V448z\"><\/path><\/svg>\t\t\t\t\t\t<\/span>\n\t\t\t\t\t\t\t\t\t\t<span class=\"elementor-icon-list-text\">i.M.S. Group LTD<\/span>\n\t\t\t\t\t\t\t\t\t\t\t<\/a>\n\t\t\t\t\t\t\t\t\t<\/li>\n\t\t\t\t\t\t\t\t<li class=\"elementor-icon-list-item\">\n\t\t\t\t\t\t\t\t\t\t\t<a href=\"https:\/\/www.facebook.com\/profile.php?id=61556715938904\" target=\"_blank\">\n\n\t\t\t\t\t\t\t\t\t\t\t\t<span class=\"elementor-icon-list-icon\">\n\t\t\t\t\t\t\t<svg aria-hidden=\"true\" class=\"e-font-icon-svg e-fab-facebook-f\" viewbox=\"0 0 320 512\" xmlns=\"http:\/\/www.w3.org\/2000\/svg\"><path d=\"M279.14 288l14.22-92.66h-88.91v-60.13c0-25.35 12.42-50.06 52.24-50.06h40.42V6.26S260.43 0 225.36 0c-73.22 0-121.08 44.38-121.08 124.72v70.62H22.89V288h81.39v224h100.17V288z\"><\/path><\/svg>\t\t\t\t\t\t<\/span>\n\t\t\t\t\t\t\t\t\t\t<span class=\"elementor-icon-list-text\">IMS group<\/span>\n\t\t\t\t\t\t\t\t\t\t\t<\/a>\n\t\t\t\t\t\t\t\t\t<\/li>\n\t\t\t\t\t\t<\/ul>\n\t\t\t\t\t\t<\/div>\n\t\t\t\t<\/div>\n\t\t\t\t<\/div>\n\t\t<div class=\"elementor-element elementor-element-75ee088 e-con-full e-flex e-con e-child\" data-id=\"75ee088\" data-element_type=\"container\">\n\t\t\t\t<div class=\"elementor-element elementor-element-e761a95 elementor-button-align-stretch elementor-widget elementor-widget-form\" data-id=\"e761a95\" data-element_type=\"widget\" data-settings=\"{&quot;step_next_label&quot;:&quot;Next&quot;,&quot;step_previous_label&quot;:&quot;Previous&quot;,&quot;button_width&quot;:&quot;100&quot;,&quot;step_type&quot;:&quot;number_text&quot;,&quot;step_icon_shape&quot;:&quot;circle&quot;}\" data-widget_type=\"form.default\">\n\t\t\t\t<div class=\"elementor-widget-container\">\n\t\t\t\t\t\t\t<form class=\"elementor-form\" method=\"post\" name=\"Kontakt\u0173 forma\" action=\"\">\n\t\t\t<input type=\"hidden\" name=\"post_id\" value=\"47\"\/>\n\t\t\t<input type=\"hidden\" name=\"form_id\" value=\"e761a95\"\/>\n\t\t\t<input type=\"hidden\" name=\"referer_title\" value=\"imsgroup-eu.com\" \/>\n\n\t\t\t\n\t\t\t<div class=\"elementor-form-fields-wrapper elementor-labels-above\">\n\t\t\t\t\t\t\t\t<div class=\"elementor-field-type-text elementor-field-group elementor-column elementor-field-group-name elementor-col-100\">\n\t\t\t\t\t\t\t\t\t\t\t\t<label for=\"form-field-name\" class=\"elementor-field-label\">\n\t\t\t\t\t\t\t\tName, surname\t\t\t\t\t\t\t<\/label>\n\t\t\t\t\t\t\t\t\t\t\t\t\t\t<input size=\"1\" type=\"text\" name=\"form_fields[name]\" id=\"form-field-name\" class=\"elementor-field elementor-size-sm  elementor-field-textual\">\n\t\t\t\t\t\t\t\t\t\t\t<\/div>\n\t\t\t\t\t\t\t\t<div class=\"elementor-field-type-email elementor-field-group elementor-column elementor-field-group-email elementor-col-50 elementor-field-required elementor-mark-required\">\n\t\t\t\t\t\t\t\t\t\t\t\t<label for=\"form-field-email\" class=\"elementor-field-label\">\n\t\t\t\t\t\t\t\tEmail\t\t\t\t\t\t\t<\/label>\n\t\t\t\t\t\t\t\t\t\t\t\t\t\t<input size=\"1\" type=\"email\" name=\"form_fields[email]\" id=\"form-field-email\" class=\"elementor-field elementor-size-sm  elementor-field-textual\" required=\"required\">\n\t\t\t\t\t\t\t\t\t\t\t<\/div>\n\t\t\t\t\t\t\t\t<div class=\"elementor-field-type-tel elementor-field-group elementor-column elementor-field-group-message elementor-col-50 elementor-field-required elementor-mark-required\">\n\t\t\t\t\t\t\t\t\t\t\t\t<label for=\"form-field-message\" class=\"elementor-field-label\">\n\t\t\t\t\t\t\t\tPhone\t\t\t\t\t\t\t<\/label>\n\t\t\t\t\t\t\t\t<input size=\"1\" type=\"tel\" name=\"form_fields[message]\" id=\"form-field-message\" class=\"elementor-field elementor-size-sm  elementor-field-textual\" required=\"required\" pattern=\"[0-9()#&amp;+*-=.]+\" title=\"Only numbers and phone characters (#, -, *, etc) are accepted.\">\n\n\t\t\t\t\t\t<\/div>\n\t\t\t\t\t\t\t\t<div class=\"elementor-field-type-textarea elementor-field-group elementor-column elementor-field-group-field_b01c0bb elementor-col-100\">\n\t\t\t\t\t\t\t\t\t\t\t\t<label for=\"form-field-field_b01c0bb\" class=\"elementor-field-label\">\n\t\t\t\t\t\t\t\tInquiry\t\t\t\t\t\t\t<\/label>\n\t\t\t\t\t\t<textarea class=\"elementor-field-textual elementor-field  elementor-size-sm\" name=\"form_fields[field_b01c0bb]\" id=\"form-field-field_b01c0bb\" rows=\"4\"><\/textarea>\t\t\t\t<\/div>\n\t\t\t\t\t\t\t\t<div class=\"elementor-field-type-text\">\n\t\t\t\t\t<input size=\"1\" type=\"text\" name=\"form_fields[field_1c5ddc7]\" id=\"form-field-field_1c5ddc7\" class=\"elementor-field elementor-size-sm\" style=\"display:none !important;\">\t\t\t\t<\/div>\n\t\t\t\t\t\t\t\t<div class=\"elementor-field-group elementor-column elementor-field-type-submit elementor-col-100 e-form__buttons\">\n\t\t\t\t\t<button class=\"elementor-button elementor-size-sm\" type=\"submit\">\n\t\t\t\t\t\t<span class=\"elementor-button-content-wrapper\">\n\t\t\t\t\t\t\t\t\t\t\t\t\t\t\t\t\t\t\t\t\t\t<span class=\"elementor-button-text\">Send<\/span>\n\t\t\t\t\t\t\t\t\t\t\t\t\t<\/span>\n\t\t\t\t\t<\/button>\n\t\t\t\t<\/div>\n\t\t\t<\/div>\n\t\t<input type=\"hidden\" name=\"trp-form-language\" value=\"en\"\/><\/form>\n\t\t\t\t\t\t<\/div>\n\t\t\t\t<\/div>\n\t\t\t\t<\/div>\n\t\t<div class=\"elementor-element elementor-element-6c0103c e-con-full e-flex e-con e-child\" data-id=\"6c0103c\" data-element_type=\"container\">\n\t\t<div class=\"elementor-element elementor-element-c4d4a63 e-con-full e-flex e-con e-child\" data-id=\"c4d4a63\" data-element_type=\"container\">\n\t\t<div class=\"elementor-element elementor-element-b967645 e-flex e-con-boxed e-con e-child\" data-id=\"b967645\" data-element_type=\"container\">\n\t\t\t\t\t<div class=\"e-con-inner\">\n\t\t\t\t<div class=\"elementor-element elementor-element-25e20d2 elementor-widget elementor-widget-google_maps\" data-id=\"25e20d2\" data-element_type=\"widget\" data-widget_type=\"google_maps.default\">\n\t\t\t\t<div class=\"elementor-widget-container\">\n\t\t\t\t\t\t\t<div class=\"elementor-custom-embed\">\n\t\t\t<iframe loading=\"lazy\"\n\t\t\t\t\tsrc=\"https:\/\/maps.google.com\/maps?q=Artojo%20G.%207e%2C%20Klaipeda%20City%2092105%2C%20Lithuania&#038;t=m&#038;z=16&#038;output=embed&#038;iwloc=near\"\n\t\t\t\t\ttitle=\"Artojo G. 7e, Klaipeda City 92105, Lithuania\"\n\t\t\t\t\taria-label=\"Artojo G. 7e, Klaipeda City 92105, Lithuania\"\n\t\t\t><\/iframe>\n\t\t<\/div>\n\t\t\t\t\t\t<\/div>\n\t\t\t\t<\/div>\n\t\t\t\t<div class=\"elementor-element elementor-element-e855ae0 elementor-icon-list--layout-traditional elementor-list-item-link-full_width elementor-widget elementor-widget-icon-list\" data-id=\"e855ae0\" data-element_type=\"widget\" data-widget_type=\"icon-list.default\">\n\t\t\t\t<div class=\"elementor-widget-container\">\n\t\t\t\t\t\t\t<ul class=\"elementor-icon-list-items\">\n\t\t\t\t\t\t\t<li class=\"elementor-icon-list-item\">\n\t\t\t\t\t\t\t\t\t\t\t<a href=\"https:\/\/www.google.com\/maps\/place\/Artojo+g.+7E,+Klaip%C4%97da,+92105+Klaip%C4%97dos+m.+sav.\/@55.7160987,21.1518913,17z\/data=!3m1!4b1!4m6!3m5!1s0x46e4dc000cfea9fd:0x13ca59341bc2e80!8m2!3d55.7160957!4d21.1544662!16s%2Fg%2F11csh3cyqm?entry=ttu\" target=\"_blank\">\n\n\t\t\t\t\t\t\t\t\t\t\t<span class=\"elementor-icon-list-text\">Artojo g. 7e, Klaip\u0117da City 92105, Lietuva<\/span>\n\t\t\t\t\t\t\t\t\t\t\t<\/a>\n\t\t\t\t\t\t\t\t\t<\/li>\n\t\t\t\t\t\t\t\t<li class=\"elementor-icon-list-item\">\n\t\t\t\t\t\t\t\t\t\t\t<a href=\"tel:+370%2063%2077%2036%2077\">\n\n\t\t\t\t\t\t\t\t\t\t\t<span class=\"elementor-icon-list-text\">+370 63 77 36 77<\/span>\n\t\t\t\t\t\t\t\t\t\t\t<\/a>\n\t\t\t\t\t\t\t\t\t<\/li>\n\t\t\t\t\t\t\t\t<li class=\"elementor-icon-list-item\">\n\t\t\t\t\t\t\t\t\t\t\t<a href=\"mailto:info@imsgroup-eu.com\">\n\n\t\t\t\t\t\t\t\t\t\t\t<span class=\"elementor-icon-list-text\">info@imsgroup-eu.com<\/span>\n\t\t\t\t\t\t\t\t\t\t\t<\/a>\n\t\t\t\t\t\t\t\t\t<\/li>\n\t\t\t\t\t\t\t\t<li class=\"elementor-icon-list-item\">\n\t\t\t\t\t\t\t\t\t\t\t<a href=\"mailto:info@imsgroup-eu.com\">\n\n\t\t\t\t\t\t\t\t\t\t\t<span class=\"elementor-icon-list-text\">Working hours: Mon-Fri 08:00-17:00 <\/span>\n\t\t\t\t\t\t\t\t\t\t\t<\/a>\n\t\t\t\t\t\t\t\t\t<\/li>\n\t\t\t\t\t\t<\/ul>\n\t\t\t\t\t\t<\/div>\n\t\t\t\t<\/div>\n\t\t\t\t\t<\/div>\n\t\t\t\t<\/div>\n\t\t<div class=\"elementor-element elementor-element-ff6e3a4 e-flex e-con-boxed e-con e-child\" data-id=\"ff6e3a4\" data-element_type=\"container\">\n\t\t\t\t\t<div class=\"e-con-inner\">\n\t\t\t\t<div class=\"elementor-element elementor-element-0b4674d elementor-widget elementor-widget-google_maps\" data-id=\"0b4674d\" data-element_type=\"widget\" data-widget_type=\"google_maps.default\">\n\t\t\t\t<div class=\"elementor-widget-container\">\n\t\t\t\t\t\t\t<div class=\"elementor-custom-embed\">\n\t\t\t<iframe loading=\"lazy\"\n\t\t\t\t\tsrc=\"https:\/\/maps.google.com\/maps?q=%C5%BBurawia%206&#038;t=m&#038;z=16&#038;output=embed&#038;iwloc=near\"\n\t\t\t\t\ttitle=\"\u017burawia 6\"\n\t\t\t\t\taria-label=\"\u017burawia 6\"\n\t\t\t><\/iframe>\n\t\t<\/div>\n\t\t\t\t\t\t<\/div>\n\t\t\t\t<\/div>\n\t\t\t\t<div class=\"elementor-element elementor-element-41417ef elementor-icon-list--layout-traditional elementor-list-item-link-full_width elementor-widget elementor-widget-icon-list\" data-id=\"41417ef\" data-element_type=\"widget\" data-widget_type=\"icon-list.default\">\n\t\t\t\t<div class=\"elementor-widget-container\">\n\t\t\t\t\t\t\t<ul class=\"elementor-icon-list-items\">\n\t\t\t\t\t\t\t<li class=\"elementor-icon-list-item\">\n\t\t\t\t\t\t\t\t\t\t\t<a href=\"https:\/\/www.google.com\/maps\/place\/%C5%BBurawia+6%2F12,+00-503+Warszawa,+Poland\/@52.2284655,21.0188698,1277m\/data=!3m1!1e3!4m6!3m5!1s0x471eccf13d90aa17:0x539970ce0f36cda2!8m2!3d52.22929!4d21.0188019!16s%2Fg%2F11svhq500m?entry=ttu&#038;g_ep=EgoyMDI0MDkxMS4wIKXMDSoASAFQAw%3D%3D\" target=\"_blank\">\n\n\t\t\t\t\t\t\t\t\t\t\t<span class=\"elementor-icon-list-text\">\u017burawia 6\/12, 00-503 Warszawa, Poland<\/span>\n\t\t\t\t\t\t\t\t\t\t\t<\/a>\n\t\t\t\t\t\t\t\t\t<\/li>\n\t\t\t\t\t\t\t\t<li class=\"elementor-icon-list-item\">\n\t\t\t\t\t\t\t\t\t\t\t<a href=\"tel:+48690978877\">\n\n\t\t\t\t\t\t\t\t\t\t\t<span class=\"elementor-icon-list-text\">+48690978877<\/span>\n\t\t\t\t\t\t\t\t\t\t\t<\/a>\n\t\t\t\t\t\t\t\t\t<\/li>\n\t\t\t\t\t\t\t\t<li class=\"elementor-icon-list-item\">\n\t\t\t\t\t\t\t\t\t\t\t<a href=\"mailto:info@imsgroup-eu.com\">\n\n\t\t\t\t\t\t\t\t\t\t\t<span class=\"elementor-icon-list-text\">info@imsgroup-eu.com<\/span>\n\t\t\t\t\t\t\t\t\t\t\t<\/a>\n\t\t\t\t\t\t\t\t\t<\/li>\n\t\t\t\t\t\t\t\t<li class=\"elementor-icon-list-item\">\n\t\t\t\t\t\t\t\t\t\t\t<a href=\"mailto:info@imsgroup-eu.com\">\n\n\t\t\t\t\t\t\t\t\t\t\t<span class=\"elementor-icon-list-text\">Working hours: Mon-Fri 08:00-17:00 <\/span>\n\t\t\t\t\t\t\t\t\t\t\t<\/a>\n\t\t\t\t\t\t\t\t\t<\/li>\n\t\t\t\t\t\t<\/ul>\n\t\t\t\t\t\t<\/div>\n\t\t\t\t<\/div>\n\t\t\t\t\t<\/div>\n\t\t\t\t<\/div>\n\t\t\t\t<\/div>\n\t\t\t\t<\/div>\n\t\t\t\t\t<\/div>\n\t\t\t\t<\/div>\n\t\t\t\t<\/div>","protected":false},"excerpt":{"rendered":"<p>Susisiekite Nuolat palaikome ry\u0161\u012f su savo klientais vykdydami projektus. Nor\u0117dami gauti nemokam\u0105 konsultacij\u0105 arba jei turite klausim\u0173 ar speciali\u0173 pageidavim\u0173, tiesiog susisiekite su mumis u\u017epild\u0119 \u0161i\u0105 u\u017eklausos form\u0105. i.M.S. Group LTD IMS group Artojo g. 7e, Klaip\u0117da City 92105, Lietuva +370 63 77 36 77 info@imsgroup-eu.com I-V 08:00 &#8211; 17:00 VI-VII nedirbame \u017burawia 6\/12, 00-503 [&hellip;]<\/p>","protected":false},"author":1,"featured_media":0,"parent":0,"menu_order":0,"comment_status":"closed","ping_status":"closed","template":"elementor_header_footer","meta":{"footnotes":""},"yoast_head":"<!-- This site is optimized with the Yoast SEO plugin v24.4 - https:\/\/yoast.com\/wordpress\/plugins\/seo\/ -->\n<title>Kontaktai - imsgroup-eu.com<\/title>\n<meta name=\"robots\" content=\"index, follow, max-snippet:-1, max-image-preview:large, max-video-preview:-1\" \/>\n<link rel=\"canonical\" href=\"https:\/\/imsgroup-eu.com\/en\/kontaktai\/\" \/>\n<meta property=\"og:locale\" content=\"en_GB\" \/>\n<meta property=\"og:type\" content=\"article\" \/>\n<meta property=\"og:title\" content=\"Kontaktai - imsgroup-eu.com\" \/>\n<meta property=\"og:description\" content=\"Susisiekite Nuolat palaikome ry\u0161\u012f su savo klientais vykdydami projektus. Nor\u0117dami gauti nemokam\u0105 konsultacij\u0105 arba jei turite klausim\u0173 ar speciali\u0173 pageidavim\u0173, tiesiog susisiekite su mumis u\u017epild\u0119 \u0161i\u0105 u\u017eklausos form\u0105. i.M.S. Group LTD IMS group Artojo g. 7e, Klaip\u0117da City 92105, Lietuva +370 63 77 36 77 info@imsgroup-eu.com I-V 08:00 &#8211; 17:00 VI-VII nedirbame \u017burawia 6\/12, 00-503 [&hellip;]\" \/>\n<meta property=\"og:url\" content=\"https:\/\/imsgroup-eu.com\/en\/kontaktai\/\" \/>\n<meta property=\"og:site_name\" content=\"imsgroup-eu.com\" \/>\n<meta property=\"article:modified_time\" content=\"2024-12-02T11:02:13+00:00\" \/>\n<meta name=\"twitter:card\" content=\"summary_large_image\" \/>\n<meta name=\"twitter:label1\" content=\"Estimated reading time\" \/>\n\t<meta name=\"twitter:data1\" content=\"1 minute\" \/>\n<script type=\"application\/ld+json\" class=\"yoast-schema-graph\">{\"@context\":\"https:\/\/schema.org\",\"@graph\":[{\"@type\":\"WebPage\",\"@id\":\"https:\/\/imsgroup-eu.com\/kontaktai\/\",\"url\":\"https:\/\/imsgroup-eu.com\/kontaktai\/\",\"name\":\"Kontaktai - imsgroup-eu.com\",\"isPartOf\":{\"@id\":\"https:\/\/imsgroup-eu.com\/#website\"},\"datePublished\":\"2024-04-02T08:09:29+00:00\",\"dateModified\":\"2024-12-02T11:02:13+00:00\",\"breadcrumb\":{\"@id\":\"https:\/\/imsgroup-eu.com\/kontaktai\/#breadcrumb\"},\"inLanguage\":\"en-GB\",\"potentialAction\":[{\"@type\":\"ReadAction\",\"target\":[\"https:\/\/imsgroup-eu.com\/kontaktai\/\"]}]},{\"@type\":\"BreadcrumbList\",\"@id\":\"https:\/\/imsgroup-eu.com\/kontaktai\/#breadcrumb\",\"itemListElement\":[{\"@type\":\"ListItem\",\"position\":1,\"name\":\"Home\",\"item\":\"https:\/\/imsgroup-eu.com\/\"},{\"@type\":\"ListItem\",\"position\":2,\"name\":\"Kontaktai\"}]},{\"@type\":\"WebSite\",\"@id\":\"https:\/\/imsgroup-eu.com\/#website\",\"url\":\"https:\/\/imsgroup-eu.com\/\",\"name\":\"imsgroup-eu.com\",\"description\":\"imsgroup-eu.com\",\"publisher\":{\"@id\":\"https:\/\/imsgroup-eu.com\/#organization\"},\"potentialAction\":[{\"@type\":\"SearchAction\",\"target\":{\"@type\":\"EntryPoint\",\"urlTemplate\":\"https:\/\/imsgroup-eu.com\/?s={search_term_string}\"},\"query-input\":{\"@type\":\"PropertyValueSpecification\",\"valueRequired\":true,\"valueName\":\"search_term_string\"}}],\"inLanguage\":\"en-GB\"},{\"@type\":\"Organization\",\"@id\":\"https:\/\/imsgroup-eu.com\/#organization\",\"name\":\"imsgroup-eu.com\",\"url\":\"https:\/\/imsgroup-eu.com\/\",\"logo\":{\"@type\":\"ImageObject\",\"inLanguage\":\"en-GB\",\"@id\":\"https:\/\/imsgroup-eu.com\/#\/schema\/logo\/image\/\",\"url\":\"https:\/\/imsgroup-eu.com\/wp-content\/uploads\/2024\/03\/ims-white-2.svg\",\"contentUrl\":\"https:\/\/imsgroup-eu.com\/wp-content\/uploads\/2024\/03\/ims-white-2.svg\",\"width\":2231,\"height\":1241,\"caption\":\"imsgroup-eu.com\"},\"image\":{\"@id\":\"https:\/\/imsgroup-eu.com\/#\/schema\/logo\/image\/\"}}]}<\/script>\n<!-- \/ Yoast SEO plugin. -->","yoast_head_json":{"title":"Kontaktai - imsgroup-eu.com","robots":{"index":"index","follow":"follow","max-snippet":"max-snippet:-1","max-image-preview":"max-image-preview:large","max-video-preview":"max-video-preview:-1"},"canonical":"https:\/\/imsgroup-eu.com\/en\/kontaktai\/","og_locale":"en_GB","og_type":"article","og_title":"Kontaktai - imsgroup-eu.com","og_description":"Susisiekite Nuolat palaikome ry\u0161\u012f su savo klientais vykdydami projektus. Nor\u0117dami gauti nemokam\u0105 konsultacij\u0105 arba jei turite klausim\u0173 ar speciali\u0173 pageidavim\u0173, tiesiog susisiekite su mumis u\u017epild\u0119 \u0161i\u0105 u\u017eklausos form\u0105. i.M.S. Group LTD IMS group Artojo g. 7e, Klaip\u0117da City 92105, Lietuva +370 63 77 36 77 info@imsgroup-eu.com I-V 08:00 &#8211; 17:00 VI-VII nedirbame \u017burawia 6\/12, 00-503 [&hellip;]","og_url":"https:\/\/imsgroup-eu.com\/en\/kontaktai\/","og_site_name":"imsgroup-eu.com","article_modified_time":"2024-12-02T11:02:13+00:00","twitter_card":"summary_large_image","twitter_misc":{"Estimated reading time":"1 minute"},"schema":{"@context":"https:\/\/schema.org","@graph":[{"@type":"WebPage","@id":"https:\/\/imsgroup-eu.com\/kontaktai\/","url":"https:\/\/imsgroup-eu.com\/kontaktai\/","name":"Kontaktai - imsgroup-eu.com","isPartOf":{"@id":"https:\/\/imsgroup-eu.com\/#website"},"datePublished":"2024-04-02T08:09:29+00:00","dateModified":"2024-12-02T11:02:13+00:00","breadcrumb":{"@id":"https:\/\/imsgroup-eu.com\/kontaktai\/#breadcrumb"},"inLanguage":"en-GB","potentialAction":[{"@type":"ReadAction","target":["https:\/\/imsgroup-eu.com\/kontaktai\/"]}]},{"@type":"BreadcrumbList","@id":"https:\/\/imsgroup-eu.com\/kontaktai\/#breadcrumb","itemListElement":[{"@type":"ListItem","position":1,"name":"Home","item":"https:\/\/imsgroup-eu.com\/"},{"@type":"ListItem","position":2,"name":"Kontaktai"}]},{"@type":"WebSite","@id":"https:\/\/imsgroup-eu.com\/#website","url":"https:\/\/imsgroup-eu.com\/","name":"imsgroup-eu.com","description":"imsgroup-eu.com","publisher":{"@id":"https:\/\/imsgroup-eu.com\/#organization"},"potentialAction":[{"@type":"SearchAction","target":{"@type":"EntryPoint","urlTemplate":"https:\/\/imsgroup-eu.com\/?s={search_term_string}"},"query-input":{"@type":"PropertyValueSpecification","valueRequired":true,"valueName":"search_term_string"}}],"inLanguage":"en-GB"},{"@type":"Organization","@id":"https:\/\/imsgroup-eu.com\/#organization","name":"imsgroup-eu.com","url":"https:\/\/imsgroup-eu.com\/","logo":{"@type":"ImageObject","inLanguage":"en-GB","@id":"https:\/\/imsgroup-eu.com\/#\/schema\/logo\/image\/","url":"https:\/\/imsgroup-eu.com\/wp-content\/uploads\/2024\/03\/ims-white-2.svg","contentUrl":"https:\/\/imsgroup-eu.com\/wp-content\/uploads\/2024\/03\/ims-white-2.svg","width":2231,"height":1241,"caption":"imsgroup-eu.com"},"image":{"@id":"https:\/\/imsgroup-eu.com\/#\/schema\/logo\/image\/"}}]}},"_links":{"self":[{"href":"https:\/\/imsgroup-eu.com\/en\/wp-json\/wp\/v2\/pages\/47"}],"collection":[{"href":"https:\/\/imsgroup-eu.com\/en\/wp-json\/wp\/v2\/pages"}],"about":[{"href":"https:\/\/imsgroup-eu.com\/en\/wp-json\/wp\/v2\/types\/page"}],"author":[{"embeddable":true,"href":"https:\/\/imsgroup-eu.com\/en\/wp-json\/wp\/v2\/users\/1"}],"replies":[{"embeddable":true,"href":"https:\/\/imsgroup-eu.com\/en\/wp-json\/wp\/v2\/comments?post=47"}],"version-history":[{"count":3,"href":"https:\/\/imsgroup-eu.com\/en\/wp-json\/wp\/v2\/pages\/47\/revisions"}],"predecessor-version":[{"id":1414,"href":"https:\/\/imsgroup-eu.com\/en\/wp-json\/wp\/v2\/pages\/47\/revisions\/1414"}],"wp:attachment":[{"href":"https:\/\/imsgroup-eu.com\/en\/wp-json\/wp\/v2\/media?parent=47"}],"curies":[{"name":"wp","href":"https:\/\/api.w.org\/{rel}","templated":true}]}}