{"id":964,"date":"2024-05-16T13:21:46","date_gmt":"2024-05-16T10:21:46","guid":{"rendered":"https:\/\/imsgroup-eu.com\/?page_id=964"},"modified":"2024-05-16T13:23:34","modified_gmt":"2024-05-16T10:23:34","slug":"privatumo-politika","status":"publish","type":"page","link":"https:\/\/imsgroup-eu.com\/en\/privatumo-politika\/","title":{"rendered":"Privacy policy"},"content":{"rendered":"<div data-elementor-type=\"wp-page\" data-elementor-id=\"964\" class=\"elementor elementor-964\" data-elementor-post-type=\"page\">\n\t\t\t\t<div class=\"elementor-element elementor-element-8455923 e-flex e-con-boxed e-con e-parent\" data-id=\"8455923\" data-element_type=\"container\" data-settings=\"{&quot;background_background&quot;:&quot;classic&quot;}\">\n\t\t\t\t\t<div class=\"e-con-inner\">\n\t\t\t\t<div class=\"elementor-element elementor-element-11a807a elementor-widget__width-inherit elementor-widget elementor-widget-heading\" data-id=\"11a807a\" data-element_type=\"widget\" data-widget_type=\"heading.default\">\n\t\t\t\t<div class=\"elementor-widget-container\">\n\t\t\t\t\t<h1 class=\"elementor-heading-title elementor-size-default\">Privacy policy<\/h1>\t\t\t\t<\/div>\n\t\t\t\t<\/div>\n\t\t\t\t\t<\/div>\n\t\t\t\t<\/div>\n\t\t<div class=\"elementor-element elementor-element-8815e06 e-con-full e-flex e-con e-parent\" data-id=\"8815e06\" data-element_type=\"container\">\n\t\t<div class=\"elementor-element elementor-element-8bfb35e e-flex e-con-boxed e-con e-child\" data-id=\"8bfb35e\" data-element_type=\"container\">\n\t\t\t\t\t<div class=\"e-con-inner\">\n\t\t<div class=\"elementor-element elementor-element-f5167f8 e-con-full e-flex e-con e-child\" data-id=\"f5167f8\" data-element_type=\"container\">\n\t\t\t\t<div class=\"elementor-element elementor-element-82cb068 elementor-widget-divider--view-line_text elementor-widget-divider--element-align-left elementor-widget elementor-widget-divider\" data-id=\"82cb068\" data-element_type=\"widget\" data-widget_type=\"divider.default\">\n\t\t\t\t<div class=\"elementor-widget-container\">\n\t\t\t\t\t\t\t<div class=\"elementor-divider\">\n\t\t\t<span class=\"elementor-divider-separator\">\n\t\t\t\t\t\t\t<h3 class=\"elementor-divider__text elementor-divider__element\">\n\t\t\t\tWhat information about you is collected on this page and how is it used?\t\t\t\t<\/h3>\n\t\t\t\t\t\t<\/span>\n\t\t<\/div>\n\t\t\t\t\t\t<\/div>\n\t\t\t\t<\/div>\n\t\t\t\t<div class=\"elementor-element elementor-element-1367b16 elementor-widget elementor-widget-text-editor\" data-id=\"1367b16\" data-element_type=\"widget\" data-widget_type=\"text-editor.default\">\n\t\t\t\t<div class=\"elementor-widget-container\">\n\t\t\t\t\t\t\t\t\t<p><strong>Cookies<\/strong><\/p><p>Cookies are small text files that the website you visit stores in your browser. Cookies on this website are used to enhance and facilitate the browsing experience. They help remember user actions and display more relevant information.<\/p><p>This website has a Google Analytics code installed to analyze site traffic. Google Analytics generates statistical and other information about website traffic using cookies. This information is collected and stored by Google. Google's privacy policy is available here. <span style=\"color: #993300;\"><a style=\"color: #993300;\" href=\"http:\/\/www.google.com\/privacypolicy.html\"><strong>\u010dia<\/strong><\/a><\/span>.<\/p><p>Most browsers allow you to refuse all cookies (look for this option in your browser's settings), and some browsers allow you to refuse only third-party cookies. For example, in Internet Explorer, you can refuse all cookies by clicking \u201cTools\u201d &gt; \u201cInternet Options\u201d &gt; \u201cPrivacy\u201d and selecting \u201cBlock all cookies\u201d (by sliding the switch). Blocking all cookies will have a negative impact on the usability of many websites, including this one.<\/p><p><strong>Facebook Pixel <\/strong><\/p><p>This website has a Facebook Pixel code installed. It is used to measure the effectiveness of Facebook advertising and to show relevant ads to users in the future. You can learn more about how Facebook Pixel works here. <span style=\"color: #993300;\"><a style=\"color: #993300;\" href=\"https:\/\/www.facebook.com\/business\/help\/742478679120153\"><strong>\u010dia<\/strong><\/a><\/span><strong>.<\/strong><\/p><p><strong>Comments<\/strong><\/p><p>When you leave a comment, your data provided in the comment form, as well as the IP address you use when writing the comment, are collected. This data is used to protect comments from unwanted content and spam.<\/p><p><strong>Contact Forms<\/strong><\/p><p>The data you provide in contact forms will be used to contact you on the desired topic. This data is not stored in databases and will not be used for marketing purposes or shared with third parties.<\/p><p><strong>Policy Changes<\/strong><\/p><p>These policy terms may change. The new version of the policy will be provided on this website.\u00a0<\/p><p><strong>Third-Party Websites<\/strong><\/p><p>This website may contain links to other websites. We are not responsible for the privacy policies or practices of third-party websites.<\/p>\t\t\t\t\t\t\t\t<\/div>\n\t\t\t\t<\/div>\n\t\t\t\t<\/div>\n\t\t\t\t\t<\/div>\n\t\t\t\t<\/div>\n\t\t\t\t<\/div>\n\t\t\t\t<\/div>","protected":false},"excerpt":{"rendered":"<p>Kokia informacija apie jus yra renkama \u0161iame puslapyje ir kam ji naudojama? Slapukai Slapukai \u2013 tai ma\u017eos tekstin\u0117s rinkmenos, kurias internetin\u0117 svetain\u0117, kurioje lankot\u0117s, \u012fra\u0161o j\u016bs\u0173 naudojamoje nar\u0161ykl\u0117je. Slapukai, \u0161iame internetiniame puslapyje, naudojami nar\u0161ytoj\u0173 patir\u010diai pagerinti ir palengvinti. J\u0173 pagalba, \u012fsimenami vartotoj\u0173 veiksmai, rodoma aktualesn\u0117 informacija. \u0160iame internetiniame puslapyje \u012fdiegtas \u201eGoogle Analytics\u201c kodas, svetain\u0117s lankomumui [&hellip;]<\/p>","protected":false},"author":1,"featured_media":0,"parent":0,"menu_order":0,"comment_status":"closed","ping_status":"closed","template":"elementor_header_footer","meta":{"footnotes":""},"yoast_head":"<!-- This site is optimized with the Yoast SEO plugin v24.4 - https:\/\/yoast.com\/wordpress\/plugins\/seo\/ -->\n<title>Privatumo politika - imsgroup-eu.com<\/title>\n<meta name=\"robots\" content=\"index, follow, max-snippet:-1, max-image-preview:large, max-video-preview:-1\" \/>\n<link rel=\"canonical\" href=\"https:\/\/imsgroup-eu.com\/en\/privatumo-politika\/\" \/>\n<meta property=\"og:locale\" content=\"en_GB\" \/>\n<meta property=\"og:type\" content=\"article\" \/>\n<meta property=\"og:title\" content=\"Privatumo politika - imsgroup-eu.com\" \/>\n<meta property=\"og:description\" content=\"Kokia informacija apie jus yra renkama \u0161iame puslapyje ir kam ji naudojama? Slapukai Slapukai \u2013 tai ma\u017eos tekstin\u0117s rinkmenos, kurias internetin\u0117 svetain\u0117, kurioje lankot\u0117s, \u012fra\u0161o j\u016bs\u0173 naudojamoje nar\u0161ykl\u0117je. Slapukai, \u0161iame internetiniame puslapyje, naudojami nar\u0161ytoj\u0173 patir\u010diai pagerinti ir palengvinti. J\u0173 pagalba, \u012fsimenami vartotoj\u0173 veiksmai, rodoma aktualesn\u0117 informacija. \u0160iame internetiniame puslapyje \u012fdiegtas \u201eGoogle Analytics\u201c kodas, svetain\u0117s lankomumui [&hellip;]\" \/>\n<meta property=\"og:url\" content=\"https:\/\/imsgroup-eu.com\/en\/privatumo-politika\/\" \/>\n<meta property=\"og:site_name\" content=\"imsgroup-eu.com\" \/>\n<meta property=\"article:modified_time\" content=\"2024-05-16T10:23:34+00:00\" \/>\n<meta name=\"twitter:card\" content=\"summary_large_image\" \/>\n<meta name=\"twitter:label1\" content=\"Estimated reading time\" \/>\n\t<meta name=\"twitter:data1\" content=\"2 minutes\" \/>\n<script type=\"application\/ld+json\" class=\"yoast-schema-graph\">{\"@context\":\"https:\/\/schema.org\",\"@graph\":[{\"@type\":\"WebPage\",\"@id\":\"https:\/\/imsgroup-eu.com\/privatumo-politika\/\",\"url\":\"https:\/\/imsgroup-eu.com\/privatumo-politika\/\",\"name\":\"Privatumo politika - imsgroup-eu.com\",\"isPartOf\":{\"@id\":\"https:\/\/imsgroup-eu.com\/#website\"},\"datePublished\":\"2024-05-16T10:21:46+00:00\",\"dateModified\":\"2024-05-16T10:23:34+00:00\",\"breadcrumb\":{\"@id\":\"https:\/\/imsgroup-eu.com\/privatumo-politika\/#breadcrumb\"},\"inLanguage\":\"en-GB\",\"potentialAction\":[{\"@type\":\"ReadAction\",\"target\":[\"https:\/\/imsgroup-eu.com\/privatumo-politika\/\"]}]},{\"@type\":\"BreadcrumbList\",\"@id\":\"https:\/\/imsgroup-eu.com\/privatumo-politika\/#breadcrumb\",\"itemListElement\":[{\"@type\":\"ListItem\",\"position\":1,\"name\":\"Home\",\"item\":\"https:\/\/imsgroup-eu.com\/\"},{\"@type\":\"ListItem\",\"position\":2,\"name\":\"Privatumo politika\"}]},{\"@type\":\"WebSite\",\"@id\":\"https:\/\/imsgroup-eu.com\/#website\",\"url\":\"https:\/\/imsgroup-eu.com\/\",\"name\":\"imsgroup-eu.com\",\"description\":\"imsgroup-eu.com\",\"publisher\":{\"@id\":\"https:\/\/imsgroup-eu.com\/#organization\"},\"potentialAction\":[{\"@type\":\"SearchAction\",\"target\":{\"@type\":\"EntryPoint\",\"urlTemplate\":\"https:\/\/imsgroup-eu.com\/?s={search_term_string}\"},\"query-input\":{\"@type\":\"PropertyValueSpecification\",\"valueRequired\":true,\"valueName\":\"search_term_string\"}}],\"inLanguage\":\"en-GB\"},{\"@type\":\"Organization\",\"@id\":\"https:\/\/imsgroup-eu.com\/#organization\",\"name\":\"imsgroup-eu.com\",\"url\":\"https:\/\/imsgroup-eu.com\/\",\"logo\":{\"@type\":\"ImageObject\",\"inLanguage\":\"en-GB\",\"@id\":\"https:\/\/imsgroup-eu.com\/#\/schema\/logo\/image\/\",\"url\":\"https:\/\/imsgroup-eu.com\/wp-content\/uploads\/2024\/03\/ims-white-2.svg\",\"contentUrl\":\"https:\/\/imsgroup-eu.com\/wp-content\/uploads\/2024\/03\/ims-white-2.svg\",\"width\":2231,\"height\":1241,\"caption\":\"imsgroup-eu.com\"},\"image\":{\"@id\":\"https:\/\/imsgroup-eu.com\/#\/schema\/logo\/image\/\"}}]}<\/script>\n<!-- \/ Yoast SEO plugin. -->","yoast_head_json":{"title":"Privatumo politika - imsgroup-eu.com","robots":{"index":"index","follow":"follow","max-snippet":"max-snippet:-1","max-image-preview":"max-image-preview:large","max-video-preview":"max-video-preview:-1"},"canonical":"https:\/\/imsgroup-eu.com\/en\/privatumo-politika\/","og_locale":"en_GB","og_type":"article","og_title":"Privatumo politika - imsgroup-eu.com","og_description":"Kokia informacija apie jus yra renkama \u0161iame puslapyje ir kam ji naudojama? Slapukai Slapukai \u2013 tai ma\u017eos tekstin\u0117s rinkmenos, kurias internetin\u0117 svetain\u0117, kurioje lankot\u0117s, \u012fra\u0161o j\u016bs\u0173 naudojamoje nar\u0161ykl\u0117je. Slapukai, \u0161iame internetiniame puslapyje, naudojami nar\u0161ytoj\u0173 patir\u010diai pagerinti ir palengvinti. J\u0173 pagalba, \u012fsimenami vartotoj\u0173 veiksmai, rodoma aktualesn\u0117 informacija. \u0160iame internetiniame puslapyje \u012fdiegtas \u201eGoogle Analytics\u201c kodas, svetain\u0117s lankomumui [&hellip;]","og_url":"https:\/\/imsgroup-eu.com\/en\/privatumo-politika\/","og_site_name":"imsgroup-eu.com","article_modified_time":"2024-05-16T10:23:34+00:00","twitter_card":"summary_large_image","twitter_misc":{"Estimated reading time":"2 minutes"},"schema":{"@context":"https:\/\/schema.org","@graph":[{"@type":"WebPage","@id":"https:\/\/imsgroup-eu.com\/privatumo-politika\/","url":"https:\/\/imsgroup-eu.com\/privatumo-politika\/","name":"Privatumo politika - imsgroup-eu.com","isPartOf":{"@id":"https:\/\/imsgroup-eu.com\/#website"},"datePublished":"2024-05-16T10:21:46+00:00","dateModified":"2024-05-16T10:23:34+00:00","breadcrumb":{"@id":"https:\/\/imsgroup-eu.com\/privatumo-politika\/#breadcrumb"},"inLanguage":"en-GB","potentialAction":[{"@type":"ReadAction","target":["https:\/\/imsgroup-eu.com\/privatumo-politika\/"]}]},{"@type":"BreadcrumbList","@id":"https:\/\/imsgroup-eu.com\/privatumo-politika\/#breadcrumb","itemListElement":[{"@type":"ListItem","position":1,"name":"Home","item":"https:\/\/imsgroup-eu.com\/"},{"@type":"ListItem","position":2,"name":"Privatumo politika"}]},{"@type":"WebSite","@id":"https:\/\/imsgroup-eu.com\/#website","url":"https:\/\/imsgroup-eu.com\/","name":"imsgroup-eu.com","description":"imsgroup-eu.com","publisher":{"@id":"https:\/\/imsgroup-eu.com\/#organization"},"potentialAction":[{"@type":"SearchAction","target":{"@type":"EntryPoint","urlTemplate":"https:\/\/imsgroup-eu.com\/?s={search_term_string}"},"query-input":{"@type":"PropertyValueSpecification","valueRequired":true,"valueName":"search_term_string"}}],"inLanguage":"en-GB"},{"@type":"Organization","@id":"https:\/\/imsgroup-eu.com\/#organization","name":"imsgroup-eu.com","url":"https:\/\/imsgroup-eu.com\/","logo":{"@type":"ImageObject","inLanguage":"en-GB","@id":"https:\/\/imsgroup-eu.com\/#\/schema\/logo\/image\/","url":"https:\/\/imsgroup-eu.com\/wp-content\/uploads\/2024\/03\/ims-white-2.svg","contentUrl":"https:\/\/imsgroup-eu.com\/wp-content\/uploads\/2024\/03\/ims-white-2.svg","width":2231,"height":1241,"caption":"imsgroup-eu.com"},"image":{"@id":"https:\/\/imsgroup-eu.com\/#\/schema\/logo\/image\/"}}]}},"_links":{"self":[{"href":"https:\/\/imsgroup-eu.com\/en\/wp-json\/wp\/v2\/pages\/964"}],"collection":[{"href":"https:\/\/imsgroup-eu.com\/en\/wp-json\/wp\/v2\/pages"}],"about":[{"href":"https:\/\/imsgroup-eu.com\/en\/wp-json\/wp\/v2\/types\/page"}],"author":[{"embeddable":true,"href":"https:\/\/imsgroup-eu.com\/en\/wp-json\/wp\/v2\/users\/1"}],"replies":[{"embeddable":true,"href":"https:\/\/imsgroup-eu.com\/en\/wp-json\/wp\/v2\/comments?post=964"}],"version-history":[{"count":3,"href":"https:\/\/imsgroup-eu.com\/en\/wp-json\/wp\/v2\/pages\/964\/revisions"}],"predecessor-version":[{"id":968,"href":"https:\/\/imsgroup-eu.com\/en\/wp-json\/wp\/v2\/pages\/964\/revisions\/968"}],"wp:attachment":[{"href":"https:\/\/imsgroup-eu.com\/en\/wp-json\/wp\/v2\/media?parent=964"}],"curies":[{"name":"wp","href":"https:\/\/api.w.org\/{rel}","templated":true}]}}